{"id":1229,"date":"2022-10-31T10:42:11","date_gmt":"2022-10-31T10:42:11","guid":{"rendered":"https:\/\/192.168.100.210\/?page_id=1229"},"modified":"2026-02-07T03:18:15","modified_gmt":"2026-02-07T02:18:15","slug":"solutions-de-paiement","status":"publish","type":"page","link":"https:\/\/qualitiz.fr\/en\/solutions-de-paiement\/","title":{"rendered":"Payment solutions"},"content":{"rendered":"<div class=\"wpb-content-wrapper\"><section class=\"vc_section main-section\"><div class=\"vc_row wpb_row vc_row-fluid vc_custom_1667305443365\"><div class=\"wpb_column vc_column_container vc_col-sm-12\"><div class=\"vc_column-inner\"><div class=\"wpb_wrapper\">\n\t<div class=\"wpb_text_column wpb_content_element vc_custom_1701830136308 qz-section-web-txt1\" >\n\t\t<div class=\"wpb_wrapper\">\n\t\t\t<p>Nous pouvons vous proposer les solutions de paiement dont votre activit\u00e9 a besoin<\/p>\n\n\t\t<\/div>\n\t<\/div>\n\n\t<div class=\"wpb_text_column wpb_content_element\" >\n\t\t<div class=\"wpb_wrapper\">\n\t\t\t<p style=\"text-align: center; color: #252229ad; line-height: 29px; font-size: 18px; font-weight: 400;\">Nos terminaux de paiement sont adapt\u00e9s \u00e0 chaque cas d\u2019utilisation que ce soit<\/p>\n<p style=\"text-align: center; color: #252229ad; line-height: 29px; font-size: 18px; font-weight: 400;\">pour des solutions mobiles ou bien des caisses fixes.<\/p>\n\n\t\t<\/div>\n\t<\/div>\n<\/div><\/div><\/div><\/div><div class=\"vc_row wpb_row vc_row-fluid vc_custom_1667305869436\"><div class=\"wpb_column vc_column_container vc_col-sm-4\"><div class=\"vc_column-inner\"><div class=\"wpb_wrapper\">\n\t<div  class=\"wpb_single_image wpb_content_element vc_align_left wpb_content_element\">\n\t\t\n\t\t<figure class=\"wpb_wrapper vc_figure\">\n\t\t\t<div class=\"vc_single_image-wrapper   vc_box_border_grey\"><img loading=\"lazy\" decoding=\"async\" width=\"744\" height=\"758\" src=\"https:\/\/qualitiz.fr\/wp-content\/uploads\/2022\/10\/Groupe-de-masques-5184@2x.png\" class=\"vc_single_image-img attachment-full\" alt=\"\" title=\"\" srcset=\"https:\/\/qualitiz.fr\/wp-content\/uploads\/2022\/10\/Groupe-de-masques-5184@2x.png 744w, https:\/\/qualitiz.fr\/wp-content\/uploads\/2022\/10\/Groupe-de-masques-5184@2x-281x286.png 281w, https:\/\/qualitiz.fr\/wp-content\/uploads\/2022\/10\/Groupe-de-masques-5184@2x-118x120.png 118w, https:\/\/qualitiz.fr\/wp-content\/uploads\/2022\/10\/Groupe-de-masques-5184@2x-12x12.png 12w\" sizes=\"auto, (max-width: 744px) 100vw, 744px\" \/><\/div>\n\t\t<\/figure>\n\t<\/div>\n\n\t<div class=\"wpb_text_column wpb_content_element vc_custom_1673824348789\" >\n\t\t<div class=\"wpb_wrapper\">\n\t\t\t<p style=\"text-align: left; color: #252229ad; line-height: 30px; font-size: 16px; font-weight: 400;\">Terminal paiement caisse fixe<\/p>\n\n\t\t<\/div>\n\t<\/div>\n\n\t<div class=\"wpb_text_column wpb_content_element second-title\" >\n\t\t<div class=\"wpb_wrapper\">\n\t\t\t<p style=\"text-align: left; color: #252229; line-height: 28px; font-size: 24px; font-weight: 500;\">Un paiement fiable et performant pour les caisses fixes<\/p>\n\n\t\t<\/div>\n\t<\/div>\n\n\t<div class=\"wpb_text_column wpb_content_element\" >\n\t\t<div class=\"wpb_wrapper\">\n\t\t\t<p style=\"text-align: left; color: #252229ad; line-height: 22px; font-size: 16px; font-weight: 500;\">Nous vous proposons des terminaux de paiement fiables qui prennent en charge les paiements MSR (piste magn\u00e9tique), EMV (puce) et NFC (sans contact).<\/p>\n<p>&nbsp;<\/p>\n<p style=\"text-align: left; color: #252229ad; line-height: 22px; font-size: 16px; font-weight: 500;\">Ces appareils sont connect\u00e9s via une connexion Ethernet ou bien en USB.<\/p>\n<p>&nbsp;<\/p>\n<p style=\"text-align: left; color: #252229ad; line-height: 22px; font-size: 16px; font-weight: 500;\">Nos terminaux assurent une gestion s\u00e9curis\u00e9e des donn\u00e9es et des applications et permettent des transactions \u00e9lectroniques hautement s\u00e9curis\u00e9es. Ce sont des terminaux intelligents conformes aux derni\u00e8res exigences r\u00e9glementaires en mati\u00e8re de paiement.<\/p>\n\n\t\t<\/div>\n\t<\/div>\n<\/div><\/div><\/div><div class=\"wpb_column vc_column_container vc_col-sm-4\"><div class=\"vc_column-inner\"><div class=\"wpb_wrapper\">\n\t<div  class=\"wpb_single_image wpb_content_element vc_align_left wpb_content_element\">\n\t\t\n\t\t<figure class=\"wpb_wrapper vc_figure\">\n\t\t\t<div class=\"vc_single_image-wrapper   vc_box_border_grey\"><img loading=\"lazy\" decoding=\"async\" width=\"745\" height=\"758\" src=\"https:\/\/qualitiz.fr\/wp-content\/uploads\/2023\/01\/POS.png\" class=\"vc_single_image-img attachment-full\" alt=\"\" title=\"\" srcset=\"https:\/\/qualitiz.fr\/wp-content\/uploads\/2023\/01\/POS.png 745w, https:\/\/qualitiz.fr\/wp-content\/uploads\/2023\/01\/POS-281x286.png 281w, https:\/\/qualitiz.fr\/wp-content\/uploads\/2023\/01\/POS-118x120.png 118w, https:\/\/qualitiz.fr\/wp-content\/uploads\/2023\/01\/POS-12x12.png 12w\" sizes=\"auto, (max-width: 745px) 100vw, 745px\" \/><\/div>\n\t\t<\/figure>\n\t<\/div>\n\n\t<div class=\"wpb_text_column wpb_content_element vc_custom_1673824369976\" >\n\t\t<div class=\"wpb_wrapper\">\n\t\t\t<p style=\"text-align: left; color: #252229ad; line-height: 30px; font-size: 16px; font-weight: 400;\">Point de vente complet<\/p>\n\n\t\t<\/div>\n\t<\/div>\n\n\t<div class=\"wpb_text_column wpb_content_element second-title\" >\n\t\t<div class=\"wpb_wrapper\">\n\t\t\t<p style=\"text-align: left; color: #252229; line-height: 28px; font-size: 24px; font-weight: 500;\">Tout le mat\u00e9riel n\u00e9cessaire pour votre point de vente<\/p>\n\n\t\t<\/div>\n\t<\/div>\n\n\t<div class=\"wpb_text_column wpb_content_element\" >\n\t\t<div class=\"wpb_wrapper\">\n\t\t\t<p style=\"text-align: left; color: #252229ad; line-height: 22px; font-size: 16px; font-weight: 500;\">Nous sommes \u00e9galement en mesure de vous proposer tous les autres \u00e9quipements utiles pour la mise en \u0153uvre efficace de votre point de vente : \u00e9cran tactile, tiroir-caisse, imprimante ticket.<\/p>\n<p>&nbsp;<\/p>\n<p style=\"text-align: left; color: #252229ad; line-height: 22px; font-size: 16px; font-weight: 500;\">Exposez-nous votre besoin et notre \u00e9quipe vous proposera une solution adapt\u00e9e, avec toujours un souci de la qualit\u00e9 au meilleur prix.<\/p>\n\n\t\t<\/div>\n\t<\/div>\n<\/div><\/div><\/div><div class=\"wpb_column vc_column_container vc_col-sm-4\"><div class=\"vc_column-inner\"><div class=\"wpb_wrapper\">\n\t<div  class=\"wpb_single_image wpb_content_element vc_align_left wpb_content_element\">\n\t\t\n\t\t<figure class=\"wpb_wrapper vc_figure\">\n\t\t\t<div class=\"vc_single_image-wrapper   vc_box_border_grey\"><img loading=\"lazy\" decoding=\"async\" width=\"744\" height=\"758\" src=\"https:\/\/qualitiz.fr\/wp-content\/uploads\/2022\/10\/Groupe-de-masques-5182@2x.png\" class=\"vc_single_image-img attachment-full\" alt=\"\" title=\"\" srcset=\"https:\/\/qualitiz.fr\/wp-content\/uploads\/2022\/10\/Groupe-de-masques-5182@2x.png 744w, https:\/\/qualitiz.fr\/wp-content\/uploads\/2022\/10\/Groupe-de-masques-5182@2x-281x286.png 281w, https:\/\/qualitiz.fr\/wp-content\/uploads\/2022\/10\/Groupe-de-masques-5182@2x-118x120.png 118w, https:\/\/qualitiz.fr\/wp-content\/uploads\/2022\/10\/Groupe-de-masques-5182@2x-12x12.png 12w\" sizes=\"auto, (max-width: 744px) 100vw, 744px\" \/><\/div>\n\t\t<\/figure>\n\t<\/div>\n\n\t<div class=\"wpb_text_column wpb_content_element vc_custom_1673824357442\" >\n\t\t<div class=\"wpb_wrapper\">\n\t\t\t<p style=\"text-align: left; color: #252229ad; line-height: 30px; font-size: 16px; font-weight: 400;\">Terminal paiement caisse mobile<\/p>\n\n\t\t<\/div>\n\t<\/div>\n\n\t<div class=\"wpb_text_column wpb_content_element second-title\" >\n\t\t<div class=\"wpb_wrapper\">\n\t\t\t<p style=\"text-align: left; color: #252229; line-height: 28px; font-size: 24px; font-weight: 500;\">Paiement en mobilit\u00e9<\/p>\n\n\t\t<\/div>\n\t<\/div>\n\n\t<div class=\"wpb_text_column wpb_content_element\" >\n\t\t<div class=\"wpb_wrapper\">\n\t\t\t<p style=\"text-align: left; color: #252229ad; line-height: 22px; font-size: 16px; font-weight: 500;\">Nous vous proposons des terminaux de paiement mobile, permettant d&#8217;encaisser le client \u00e0 tout endroit, dans un grands magasin, dans un restaurant ou \u00e0 l&#8217;ext\u00e9rieur comme dans un train ou un avion.<\/p>\n<p>&nbsp;<\/p>\n<p style=\"text-align: left; color: #252229ad; line-height: 22px; font-size: 16px; font-weight: 500;\">Ces terminaux peuvent \u00eatre associ\u00e9s \u00e0 un smartphone ou une tablette pour cr\u00e9er un point de vente mobile efficace tout en \u00e9tant s\u00e9curis\u00e9 par connexion SSL.<\/p>\n<p>&nbsp;<\/p>\n<p style=\"text-align: left; color: #252229ad; line-height: 22px; font-size: 16px; font-weight: 500;\">C&#8217;est toujours un avantage de pouvoir finaliser l&#8217;acte d&#8217;achat sans avoir \u00e0 recourir \u00e0 une caisse fixe lorsque le client peut r\u00e9gler en carte, cela constitue aussi une solution de &#8220;queue boosting&#8221; qui peut apporter un renfort \u00e0 l&#8217;encaissement classique en caisse fixe pour les p\u00e9riodes de pointe.<\/p>\n\n\t\t<\/div>\n\t<\/div>\n<\/div><\/div><\/div><\/div><\/section><div data-vc-full-width=\"true\" data-vc-full-width-init=\"false\" class=\"vc_row wpb_row vc_row-fluid vc_custom_1667316139027 vc_row-has-fill\"><div class=\"wpb_column vc_column_container vc_col-sm-12\"><div class=\"vc_column-inner vc_custom_1516095177672\"><div class=\"wpb_wrapper\">\n\t<div class=\"wpb_text_column wpb_content_element vc_custom_1667309726041\" >\n\t\t<div class=\"wpb_wrapper\">\n\t\t\t<p style=\"text-align: center; color: #ffffff; line-height: 53px; font-size: 41px; font-weight: 500;\">A l&#8217;\u00e9coute de votre besoin<\/p>\n\n\t\t<\/div>\n\t<\/div>\n<div class=\"vc_row wpb_row vc_inner vc_row-fluid vc_custom_1696596324625 vc_row-has-padding-bottom vc_column-gap-35 vc_row-o-equal-height vc_row-o-content-top vc_row-flex\"><div class=\"wpb_column vc_column_container vc_col-sm-6 vc_col-has-fill\" id=\"contact-form-box\"><div class=\"vc_column-inner vc_custom_1667316237532\"><div class=\"wpb_wrapper\"><noscript class=\"ninja-forms-noscript-message\">\n\tNotice: JavaScript is required for this content.<\/noscript>\n<div id=\"nf-form-3-cont\" class=\"nf-form-cont\" aria-live=\"polite\" aria-labelledby=\"nf-form-title-3\" aria-describedby=\"nf-form-errors-3\" role=\"form\">\n\n    <div class=\"nf-loading-spinner\"><\/div>\n\n<\/div>\n        <!-- That data is being printed as a workaround to page builders reordering the order of the scripts loaded-->\n        <script>var formDisplay=1;var nfForms=nfForms||[];var form=[];form.id='3';form.settings={\"objectType\":\"Form Setting\",\"editActive\":true,\"title\":\"D\\u00e9crivez-nous votre besoin\",\"created_at\":\"2016-04-18 14:54:49\",\"form_title\":\"Quote Request Form\",\"show_title\":1,\"clear_complete\":\"1\",\"hide_complete\":\"1\",\"logged_in\":\"0\",\"key\":\"form-title\",\"currency\":\"usd\",\"wrapper_class\":\"\",\"element_class\":\"\",\"add_submit\":\"0\",\"not_logged_in_msg\":\"\",\"sub_limit_number\":\"\",\"sub_limit_msg\":\"\",\"fieldContentsData\":\"\",\"allow_public_link\":0,\"embed_form\":\"\",\"unique_field_error\":\"Un formulaire avec cette valeur a d\\u00e9j\\u00e0 \\u00e9t\\u00e9 envoy\\u00e9.\",\"calculations\":[],\"formContentData\":[\"nom_1667297635970\",\"email\",\"telephone_1667304521528\",\"delai_de_realisation_souhaite_1667297776635\",\"nom_de_votre_projet_1667297685210\",\"description_de_votre_projet_1667304706647\",\"envoyer_1667304768011\"],\"default_label_pos\":\"above\",\"changeEmailErrorMsg\":\"Please enter a valid email address!\",\"changeDateErrorMsg\":\"Please enter a valid date!\",\"confirmFieldErrorMsg\":\"These fields must match!\",\"fieldNumberNumMinError\":\"Number Min Error\",\"fieldNumberNumMaxError\":\"Number Max Error\",\"fieldNumberIncrementBy\":\"Please increment by \",\"formErrorsCorrectErrors\":\"Please correct errors before submitting this form.\",\"validateRequiredField\":\"This is a required field.\",\"honeypotHoneypotError\":\"Honeypot Error\",\"fieldsMarkedRequired\":\"Fields marked with an <span class=\\\"ninja-forms-req-symbol\\\">*<\\\/span> are required\",\"manual_key\":true,\"drawerDisabled\":false,\"form_title_heading_level\":\"3\",\"ninjaForms\":\"Ninja Forms\",\"fieldTextareaRTEInsertLink\":\"Insert Link\",\"fieldTextareaRTEInsertMedia\":\"Insert Media\",\"fieldTextareaRTESelectAFile\":\"Select a file\",\"formHoneypot\":\"If you are a human seeing this field, please leave it empty.\",\"fileUploadOldCodeFileUploadInProgress\":\"File Upload in Progress.\",\"fileUploadOldCodeFileUpload\":\"FILE UPLOAD\",\"currencySymbol\":\"&#36;\",\"thousands_sep\":\",\",\"decimal_point\":\".\",\"siteLocale\":\"en_GB\",\"dateFormat\":\"m\\\/d\\\/Y\",\"startOfWeek\":\"1\",\"of\":\"of\",\"previousMonth\":\"Previous Month\",\"nextMonth\":\"Next Month\",\"months\":[\"January\",\"February\",\"March\",\"April\",\"May\",\"June\",\"July\",\"August\",\"September\",\"October\",\"November\",\"December\"],\"monthsShort\":[\"Jan\",\"Feb\",\"Mar\",\"Apr\",\"May\",\"Jun\",\"Jul\",\"Aug\",\"Sep\",\"Oct\",\"Nov\",\"Dec\"],\"weekdays\":[\"Sunday\",\"Monday\",\"Tuesday\",\"Wednesday\",\"Thursday\",\"Friday\",\"Saturday\"],\"weekdaysShort\":[\"Sun\",\"Mon\",\"Tue\",\"Wed\",\"Thu\",\"Fri\",\"Sat\"],\"weekdaysMin\":[\"Su\",\"Mo\",\"Tu\",\"We\",\"Th\",\"Fr\",\"Sa\"],\"recaptchaConsentMissing\":\"reCaptcha validation couldn&#039;t load.\",\"recaptchaMissingCookie\":\"reCaptcha v3 validation couldn&#039;t load the cookie needed to submit the form.\",\"recaptchaConsentEvent\":\"Accept reCaptcha cookies before sending the form.\",\"currency_symbol\":\"\",\"beforeForm\":\"\",\"beforeFields\":\"\",\"afterFields\":\"\",\"afterForm\":\"\"};form.fields=[{\"objectType\":\"Field\",\"objectDomain\":\"fields\",\"editActive\":false,\"order\":1,\"idAttribute\":\"id\",\"label\":\"\",\"key\":\"nom_1667297635970\",\"type\":\"firstname\",\"created_at\":\"2016-04-18 14:54:50\",\"label_pos\":\"hidden\",\"required\":\"\",\"default\":\"\",\"placeholder\":\"Nom\",\"container_class\":\"first_name\",\"element_class\":\"\",\"admin_label\":\"\",\"help_text\":\"\",\"desc_text\":\"\",\"desc_pos\":\"\",\"field_label\":\"First Name\",\"field_key\":\"firstname\",\"custom_name_attribute\":\"fname\",\"personally_identifiable\":1,\"value\":\"\",\"drawerDisabled\":false,\"id\":27,\"beforeField\":\"\",\"afterField\":\"\",\"parentType\":\"firstname\",\"element_templates\":[\"firstname\",\"input\"],\"old_classname\":\"\",\"wrap_template\":\"wrap\"},{\"objectType\":\"Field\",\"objectDomain\":\"fields\",\"editActive\":false,\"order\":2,\"idAttribute\":\"id\",\"label\":\"\",\"key\":\"email\",\"type\":\"email\",\"created_at\":\"2016-04-18 14:54:50\",\"label_pos\":\"hidden\",\"required\":\"\",\"default\":\"\",\"placeholder\":\"E-mail\",\"container_class\":\"one-half email\",\"element_class\":\"\",\"admin_label\":\"\",\"help_text\":\"\",\"desc_text\":\"\",\"desc_pos\":\"\",\"field_label\":\"Email\",\"field_key\":\"email\",\"custom_name_attribute\":\"email\",\"personally_identifiable\":1,\"value\":\"\",\"drawerDisabled\":false,\"id\":29,\"beforeField\":\"\",\"afterField\":\"\",\"parentType\":\"email\",\"element_templates\":[\"email\",\"input\"],\"old_classname\":\"\",\"wrap_template\":\"wrap\"},{\"objectType\":\"Field\",\"objectDomain\":\"fields\",\"editActive\":false,\"order\":3,\"idAttribute\":\"id\",\"label\":\"\",\"key\":\"telephone_1667304521528\",\"type\":\"textbox\",\"created_at\":\"2016-04-18 14:54:50\",\"label_pos\":\"hidden\",\"required\":\"\",\"placeholder\":\"T\\u00e9l\\u00e9phone\",\"default\":\"\",\"container_class\":\"one-half phone\",\"element_class\":\"\",\"input_limit\":\"\",\"input_limit_type\":\"characters\",\"input_limit_message\":\"Character(s) left\",\"manual_key\":\"\",\"disable_input\":\"\",\"admin_label\":\"\",\"help_text\":\"\",\"desc_text\":\"\",\"desc_pos\":\"\",\"disable_browser_autocomplete\":\"\",\"mask\":\"\",\"custom_mask\":\"\",\"field_label\":\"Phone\",\"field_key\":\"textbox\",\"input_limit_msg\":\"Caract\\u00e8re(s) restant(s)\",\"custom_name_attribute\":\"\",\"personally_identifiable\":\"\",\"value\":\"\",\"drawerDisabled\":false,\"id\":16,\"beforeField\":\"\",\"afterField\":\"\",\"parentType\":\"textbox\",\"element_templates\":[\"textbox\",\"input\"],\"old_classname\":\"\",\"wrap_template\":\"wrap\"},{\"objectType\":\"Field\",\"objectDomain\":\"fields\",\"editActive\":false,\"order\":4,\"idAttribute\":\"id\",\"label\":\"\",\"key\":\"delai_de_realisation_souhaite_1667297776635\",\"type\":\"date\",\"created_at\":\"2016-04-18 14:54:49\",\"label_pos\":\"hidden\",\"required\":\"\",\"container_class\":\"deadline\",\"element_class\":\"\",\"manual_key\":\"\",\"admin_label\":\"\",\"help_text\":\"\",\"desc_text\":\"\",\"desc_pos\":\"\",\"date_default\":0,\"date_format\":\"DD\\\/MM\\\/YYYY\",\"field_label\":\"Due Date\",\"field_key\":\"due_date\",\"placeholder\":\"D\\u00e9lai de r\\u00e9alisation souhait\\u00e9e\",\"date_mode\":\"date_only\",\"year_range_start\":\"\",\"year_range_end\":\"\",\"hours_24\":0,\"minute_increment\":5,\"drawerDisabled\":false,\"id\":24,\"beforeField\":\"\",\"afterField\":\"\",\"value\":\"\",\"parentType\":\"date\",\"element_templates\":[\"date\",\"textbox\",\"input\"],\"old_classname\":\"\",\"wrap_template\":\"wrap\"},{\"objectType\":\"Field\",\"objectDomain\":\"fields\",\"editActive\":false,\"order\":5,\"idAttribute\":\"id\",\"label\":\"\",\"key\":\"nom_de_votre_projet_1667297685210\",\"type\":\"firstname\",\"created_at\":\"2016-04-18 14:54:50\",\"label_pos\":\"hidden\",\"required\":\"\",\"default\":\"\",\"placeholder\":\"Nom de votre projet\",\"container_class\":\"name_project\",\"element_class\":\"\",\"admin_label\":\"\",\"help_text\":\"\",\"desc_text\":\"\",\"desc_pos\":\"\",\"field_label\":\"First Name\",\"field_key\":\"firstname\",\"custom_name_attribute\":\"pname\",\"personally_identifiable\":1,\"value\":\"\",\"drawerDisabled\":false,\"id\":30,\"beforeField\":\"\",\"afterField\":\"\",\"parentType\":\"firstname\",\"element_templates\":[\"firstname\",\"input\"],\"old_classname\":\"\",\"wrap_template\":\"wrap\"},{\"objectType\":\"Field\",\"objectDomain\":\"fields\",\"editActive\":false,\"order\":6,\"idAttribute\":\"id\",\"label\":\"\",\"key\":\"description_de_votre_projet_1667304706647\",\"type\":\"firstname\",\"created_at\":\"2016-04-18 14:54:50\",\"label_pos\":\"hidden\",\"required\":\"\",\"default\":\"\",\"placeholder\":\"Description de votre projet\",\"container_class\":\"desc_project\",\"element_class\":\"\",\"admin_label\":\"\",\"help_text\":\"\",\"desc_text\":\"\",\"desc_pos\":\"\",\"field_label\":\"First Name\",\"field_key\":\"firstname\",\"custom_name_attribute\":\"pname\",\"personally_identifiable\":1,\"value\":\"\",\"drawerDisabled\":false,\"id\":31,\"beforeField\":\"\",\"afterField\":\"\",\"parentType\":\"firstname\",\"element_templates\":[\"firstname\",\"input\"],\"old_classname\":\"\",\"wrap_template\":\"wrap\"},{\"objectType\":\"Field\",\"objectDomain\":\"fields\",\"editActive\":false,\"order\":7,\"idAttribute\":\"id\",\"label\":\"Envoyer\",\"key\":\"envoyer_1667304768011\",\"type\":\"submit\",\"created_at\":\"2016-04-18 14:54:51\",\"processing_label\":\"En cours\",\"container_class\":\"submit_btn\",\"element_class\":\"\",\"field_label\":\"Submit\",\"field_key\":\"submit\",\"drawerDisabled\":false,\"admin_label\":\"\",\"id\":21,\"beforeField\":\"\",\"afterField\":\"\",\"value\":\"\",\"label_pos\":\"above\",\"parentType\":\"textbox\",\"element_templates\":[\"submit\",\"button\",\"input\"],\"old_classname\":\"\",\"wrap_template\":\"wrap-no-label\"}];nfForms.push(form);<\/script>\n        <\/div><\/div><\/div><div class=\"wpb_column vc_column_container vc_col-sm-6\"><div class=\"vc_column-inner vc_custom_1696596285094\"><div class=\"wpb_wrapper\"><div class=\"key-icon-box icon-default icon-left cont-left  box-bg-color  first-feature\" style=\"background-color: #559cad; border: none;\" ><div class=\"ib-wrapper\"><div class=\"tt-iconbox-customimg img_small_size\"><img loading=\"lazy\" decoding=\"async\" width=\"67\" height=\"93\" src=\"https:\/\/qualitiz.fr\/wp-content\/uploads\/2022\/11\/Icon-ionic-ios-wifi@2x.png\" class=\"attachment-full\" alt=\"\" title=\"\" srcset=\"https:\/\/qualitiz.fr\/wp-content\/uploads\/2022\/11\/Icon-ionic-ios-wifi@2x.png 67w, https:\/\/qualitiz.fr\/wp-content\/uploads\/2022\/11\/Icon-ionic-ios-wifi@2x-9x12.png 9w\" sizes=\"auto, (max-width: 67px) 100vw, 67px\" \/><\/div><h6 class=\"service-heading\" style=\"color: #ffffff;\">Des exp\u00e9riences connect\u00e9es<\/h6><p style=\"color: rgba(255,255,255,0.68);\">B\u00e9n\u00e9ficiez d'une exp\u00e9rience connect\u00e9e, en filaire ou en mobilit\u00e9, afin de pouvoir offrir aux clients une exp\u00e9rience de paiement conviviale.<\/p><\/div><\/div><div class=\"vc_empty_space\"   style=\"height: 30px\"><span class=\"vc_empty_space_inner\"><\/span><\/div><div class=\"key-icon-box icon-default icon-left cont-left  box-bg-color  second-feature\" style=\"background-color: #ffffff; border: none;\" ><div class=\"ib-wrapper\"><div class=\"tt-iconbox-customimg img_small_size\"><img loading=\"lazy\" decoding=\"async\" width=\"54\" height=\"146\" src=\"https:\/\/qualitiz.fr\/wp-content\/uploads\/2022\/11\/telechargement-1@2x.png\" class=\"attachment-full\" alt=\"\" title=\"\" srcset=\"https:\/\/qualitiz.fr\/wp-content\/uploads\/2022\/11\/telechargement-1@2x.png 54w, https:\/\/qualitiz.fr\/wp-content\/uploads\/2022\/11\/telechargement-1@2x-44x120.png 44w, https:\/\/qualitiz.fr\/wp-content\/uploads\/2022\/11\/telechargement-1@2x-4x12.png 4w\" sizes=\"auto, (max-width: 54px) 100vw, 54px\" \/><\/div><h6 class=\"service-heading\" style=\"color: #252229;\">Simplicit\u00e9 d'utilisation<\/h6><p style=\"color: rgba(37,34,41,0.68);\">Faites passer vos op\u00e9rations de paiement \u00e0 la vitesse sup\u00e9rieure gr\u00e2ce \u00e0 nos solutions simples et int\u00e9gr\u00e9es au reste de votre \u00e9cosyst\u00e8me.<\/p><\/div><\/div><div class=\"vc_empty_space\"   style=\"height: 30px\"><span class=\"vc_empty_space_inner\"><\/span><\/div><div class=\"key-icon-box icon-default icon-left cont-left  box-bg-color  third-feature\" style=\"background-color: #559cad; border: none;\" ><div class=\"ib-wrapper\"><div class=\"tt-iconbox-customimg img_small_size\"><img loading=\"lazy\" decoding=\"async\" width=\"68\" height=\"132\" src=\"https:\/\/qualitiz.fr\/wp-content\/uploads\/2022\/11\/Groupe-5876@2x.png\" class=\"attachment-full\" alt=\"\" title=\"\" srcset=\"https:\/\/qualitiz.fr\/wp-content\/uploads\/2022\/11\/Groupe-5876@2x.png 68w, https:\/\/qualitiz.fr\/wp-content\/uploads\/2022\/11\/Groupe-5876@2x-62x120.png 62w, https:\/\/qualitiz.fr\/wp-content\/uploads\/2022\/11\/Groupe-5876@2x-6x12.png 6w\" sizes=\"auto, (max-width: 68px) 100vw, 68px\" \/><\/div><h6 class=\"service-heading\" style=\"color: #ffffff;\">Paiement s\u00e9curis\u00e9<\/h6><p style=\"color: rgba(255,255,255,0.68);\">Toutes les transactions de paiement sont chiffr\u00e9es et les donn\u00e9es de paiement sont g\u00e9r\u00e9es de fa\u00e7on s\u00e9curis\u00e9e.<\/p><\/div><\/div><\/div><\/div><\/div><\/div><\/div><\/div><\/div><\/div><div class=\"vc_row-full-width vc_clearfix\"><\/div>\n<\/div>","protected":false},"excerpt":{"rendered":"Nous pouvons vous proposer les solutions de paiement dont votre activit\u00e9 a besoin Nos terminaux de paiement sont adapt\u00e9s \u00e0 chaque cas d\u2019utilisation que ce soit pour [...]","protected":false},"author":7,"featured_media":1228,"parent":0,"menu_order":0,"comment_status":"closed","ping_status":"closed","template":"","meta":{"om_disable_all_campaigns":false,"_monsterinsights_skip_tracking":false,"_monsterinsights_sitenote_active":false,"_monsterinsights_sitenote_note":"","_monsterinsights_sitenote_category":0,"footnotes":""},"class_list":["post-1229","page","type-page","status-publish","has-post-thumbnail","hentry"],"aioseo_notices":[],"_links":{"self":[{"href":"https:\/\/qualitiz.fr\/en\/wp-json\/wp\/v2\/pages\/1229","targetHints":{"allow":["GET"]}}],"collection":[{"href":"https:\/\/qualitiz.fr\/en\/wp-json\/wp\/v2\/pages"}],"about":[{"href":"https:\/\/qualitiz.fr\/en\/wp-json\/wp\/v2\/types\/page"}],"author":[{"embeddable":true,"href":"https:\/\/qualitiz.fr\/en\/wp-json\/wp\/v2\/users\/7"}],"replies":[{"embeddable":true,"href":"https:\/\/qualitiz.fr\/en\/wp-json\/wp\/v2\/comments?post=1229"}],"version-history":[{"count":23,"href":"https:\/\/qualitiz.fr\/en\/wp-json\/wp\/v2\/pages\/1229\/revisions"}],"predecessor-version":[{"id":2050,"href":"https:\/\/qualitiz.fr\/en\/wp-json\/wp\/v2\/pages\/1229\/revisions\/2050"}],"wp:featuredmedia":[{"embeddable":true,"href":"https:\/\/qualitiz.fr\/en\/wp-json\/wp\/v2\/media\/1228"}],"wp:attachment":[{"href":"https:\/\/qualitiz.fr\/en\/wp-json\/wp\/v2\/media?parent=1229"}],"curies":[{"name":"wp","href":"https:\/\/api.w.org\/{rel}","templated":true}]}}