{"id":232,"date":"2019-06-19T00:39:40","date_gmt":"2019-06-19T00:39:40","guid":{"rendered":"https:\/\/qualitiz.com\/tircis-qualitiz\/"},"modified":"2026-02-07T00:31:30","modified_gmt":"2026-02-06T23:31:30","slug":"partenaires","status":"publish","type":"page","link":"https:\/\/qualitiz.fr\/en\/partenaires\/","title":{"rendered":"Partners"},"content":{"rendered":"<div class=\"wpb-content-wrapper\"><div class=\"vc_row wpb_row vc_row-fluid vc_custom_1696723142335 vc_row-o-content-top vc_row-flex\"><div class=\"wpb_column vc_column_container vc_col-sm-6\"><div class=\"vc_column-inner\"><div class=\"wpb_wrapper\">\n\t<div  class=\"wpb_single_image wpb_content_element vc_align_left wpb_content_element vc_custom_1696811749420\">\n\t\t\n\t\t<figure class=\"wpb_wrapper vc_figure\">\n\t\t\t<a href=\"https:\/\/tircis.fr\" target=\"_blank\" class=\"vc_single_image-wrapper   vc_box_border_grey\"><img loading=\"lazy\" decoding=\"async\" width=\"300\" height=\"97\" src=\"https:\/\/qualitiz.fr\/wp-content\/uploads\/2019\/06\/logoTIRCIS.svg-300x97.png\" class=\"vc_single_image-img attachment-medium\" alt=\"\" title=\"\" srcset=\"https:\/\/qualitiz.fr\/wp-content\/uploads\/2019\/06\/logoTIRCIS.svg-300x97.png 300w, https:\/\/qualitiz.fr\/wp-content\/uploads\/2019\/06\/logoTIRCIS.svg-768x249.png 768w, https:\/\/qualitiz.fr\/wp-content\/uploads\/2019\/06\/logoTIRCIS.svg.png 800w\" sizes=\"auto, (max-width: 300px) 100vw, 300px\" \/><\/a>\n\t\t<\/figure>\n\t<\/div>\n<\/div><\/div><\/div><div class=\"wpb_column vc_column_container vc_col-sm-6\"><div class=\"vc_column-inner\"><div class=\"wpb_wrapper\">\n\t<div class=\"wpb_text_column wpb_content_element\" >\n\t\t<div class=\"wpb_wrapper\">\n\t\t\t<h4 style=\"text-align: center;\"><strong>TIRCIS<\/strong><\/h4>\n\n\t\t<\/div>\n\t<\/div>\n\n\t<div class=\"wpb_raw_code wpb_raw_html wpb_content_element\" >\n\t\t<div class=\"wpb_wrapper\">\n\t\t\t<div style=\"font-size: 1.2em;\"><strong><a target=\"_blank\" rel=\"noopener noreferrer\" href=\"http:\/\/TIRCIS.fr\">TIRCIS<\/a> <\/strong>, the specialist in intelligent websites &amp; CRM, was one of the first partners of Qualitiz in France.\n\n<br><br><strong><a target=\"_blank\" rel=\"noopener noreferrer\" href=\"http:\/\/TIRCIS.fr\">TIRCIS<\/a><\/strong> is proposing innovative solutions, a hosting located in France, and commercial &amp; technical teams that are able to meet you at your office.<\/div>\n\t\t<\/div>\n\t<\/div>\n<\/div><\/div><\/div><\/div><div class=\"vc_row wpb_row vc_row-fluid\"><div class=\"wpb_column vc_column_container vc_col-sm-12\"><div class=\"vc_column-inner\"><div class=\"wpb_wrapper\"><div class=\"vc_empty_space\"   style=\"height: 32px\"><span class=\"vc_empty_space_inner\"><\/span><\/div><\/div><\/div><\/div><\/div><div class=\"vc_row wpb_row vc_row-fluid gg vc_row-o-content-top vc_row-flex\"><div class=\"wpb_column vc_column_container vc_col-sm-6\"><div class=\"vc_column-inner\"><div class=\"wpb_wrapper\">\n\t<div class=\"wpb_text_column wpb_content_element\" >\n\t\t<div class=\"wpb_wrapper\">\n\t\t\t<h4 style=\"text-align: center;\"><strong>GUEST-GAME<\/strong><\/h4>\n\n\t\t<\/div>\n\t<\/div>\n\n\t<div class=\"wpb_text_column wpb_content_element\" >\n\t\t<div class=\"wpb_wrapper\">\n\t\t\t<p style=\"font-size: 1.2em;\">Development as a team of a new digital gaming experience with <strong>GUEST-GAME<\/strong>, qui est rapidement devenu un de nos partenaires privil\u00e9gi\u00e9s, notamment avec la mise en oeuvre compl\u00e8te de notre <a title=\"MDM\" href=\"https:\/\/qualitiz.com\/mdm\/\">solution MDM<\/a> pour la gestion \u00e0 distance de tablettes Android sur le terrain !<\/p>\n<p style=\"font-size: 1.2em;\">Web and mobile apps (for the Android tablets) custom made bring entertaining adventures in escape game mode.<\/p>\n\n\t\t<\/div>\n\t<\/div>\n<\/div><\/div><\/div><div class=\"wpb_column vc_column_container vc_col-sm-6\"><div class=\"vc_column-inner\"><div class=\"wpb_wrapper\">\n\t<div  class=\"wpb_single_image wpb_content_element vc_align_left wpb_content_element vc_custom_1696675163229\">\n\t\t\n\t\t<figure class=\"wpb_wrapper vc_figure\">\n\t\t\t<a href=\"https:\/\/guest-game.com\/\" target=\"_blank\" class=\"vc_single_image-wrapper   vc_box_border_grey\"><img loading=\"lazy\" decoding=\"async\" width=\"1536\" height=\"864\" src=\"https:\/\/qualitiz.fr\/wp-content\/uploads\/2023\/10\/Guest-Game.jpg\" class=\"vc_single_image-img attachment-full\" alt=\"\" title=\"Guest-Game\" srcset=\"https:\/\/qualitiz.fr\/wp-content\/uploads\/2023\/10\/Guest-Game.jpg 1536w, https:\/\/qualitiz.fr\/wp-content\/uploads\/2023\/10\/Guest-Game-422x237.jpg 422w, https:\/\/qualitiz.fr\/wp-content\/uploads\/2023\/10\/Guest-Game-1024x576.jpg 1024w, https:\/\/qualitiz.fr\/wp-content\/uploads\/2023\/10\/Guest-Game-120x68.jpg 120w, https:\/\/qualitiz.fr\/wp-content\/uploads\/2023\/10\/Guest-Game-768x432.jpg 768w, https:\/\/qualitiz.fr\/wp-content\/uploads\/2023\/10\/Guest-Game-18x10.jpg 18w\" sizes=\"auto, (max-width: 1536px) 100vw, 1536px\" \/><\/a>\n\t\t<\/figure>\n\t<\/div>\n<\/div><\/div><\/div><\/div>\n<\/div>","protected":false},"excerpt":{"rendered":"TIRCIS TIRCIS , le sp\u00e9cialiste des sites intelligents &amp; CRM, a \u00e9t\u00e9 un des premiers partenaires de Qualitiz en France. TIRCIS propose des solutions innovantes, un h\u00e9bergement [...]","protected":false},"author":1,"featured_media":428,"parent":0,"menu_order":0,"comment_status":"closed","ping_status":"closed","template":"","meta":{"om_disable_all_campaigns":false,"_monsterinsights_skip_tracking":false,"_monsterinsights_sitenote_active":false,"_monsterinsights_sitenote_note":"","_monsterinsights_sitenote_category":0,"footnotes":""},"class_list":["post-232","page","type-page","status-publish","has-post-thumbnail","hentry"],"aioseo_notices":[],"_links":{"self":[{"href":"https:\/\/qualitiz.fr\/en\/wp-json\/wp\/v2\/pages\/232","targetHints":{"allow":["GET"]}}],"collection":[{"href":"https:\/\/qualitiz.fr\/en\/wp-json\/wp\/v2\/pages"}],"about":[{"href":"https:\/\/qualitiz.fr\/en\/wp-json\/wp\/v2\/types\/page"}],"author":[{"embeddable":true,"href":"https:\/\/qualitiz.fr\/en\/wp-json\/wp\/v2\/users\/1"}],"replies":[{"embeddable":true,"href":"https:\/\/qualitiz.fr\/en\/wp-json\/wp\/v2\/comments?post=232"}],"version-history":[{"count":22,"href":"https:\/\/qualitiz.fr\/en\/wp-json\/wp\/v2\/pages\/232\/revisions"}],"predecessor-version":[{"id":2499,"href":"https:\/\/qualitiz.fr\/en\/wp-json\/wp\/v2\/pages\/232\/revisions\/2499"}],"wp:featuredmedia":[{"embeddable":true,"href":"https:\/\/qualitiz.fr\/en\/wp-json\/wp\/v2\/media\/428"}],"wp:attachment":[{"href":"https:\/\/qualitiz.fr\/en\/wp-json\/wp\/v2\/media?parent=232"}],"curies":[{"name":"wp","href":"https:\/\/api.w.org\/{rel}","templated":true}]}}