{"id":317,"date":"2019-06-30T23:59:31","date_gmt":"2019-06-30T23:59:31","guid":{"rendered":"https:\/\/qualitiz.com\/?page_id=317"},"modified":"2026-01-28T19:03:39","modified_gmt":"2026-01-28T18:03:39","slug":"team","status":"publish","type":"page","link":"https:\/\/qualitiz.fr\/en\/team\/","title":{"rendered":"About us"},"content":{"rendered":"<div class=\"wpb-content-wrapper\"><div class=\"vc_row wpb_row vc_row-fluid section1\"><div class=\"wpb_column vc_column_container vc_col-sm-12\"><div class=\"vc_column-inner\"><div class=\"wpb_wrapper\"><div class=\"vc_row wpb_row vc_inner vc_row-fluid container\"><div class=\"wpb_column vc_column_container vc_col-sm-2\"><div class=\"vc_column-inner\"><div class=\"wpb_wrapper\"><\/div><\/div><\/div><div class=\"column1 wpb_column vc_column_container vc_col-sm-8\"><div class=\"vc_column-inner vc_custom_1764605287909\"><div class=\"wpb_wrapper\"><header class=\"kd-section-title col-lg-12 text-center\" ><h1 class=\"separator_off\" style=\"color: #252229;font-size: 41px;line-height: 53px;\">A team of engineers specialized in software development <strong>to make your projects successful<\/strong><\/h1><\/header><p style=\"font-size: 18px;color: rgba(37,34,41,0.86);line-height: 29px;text-align: center\" class=\"vc_custom_heading vc_do_custom_heading vc_custom_1769535879086\" >We povide companies with software development services, from design and deployment to the maintenance of high-performance solutions, combining technical expertise with a strong understanding of business challenges.<\/p><a  href=\"https:\/\/qualitiz.com\/nos-technologies\/\"  target=\"_self\"  title=\"Our technologies\" class=\"tt_button  btn_secondary_color  button-center\" ><span class=\"prim_text\">Discover our expertise<\/span><span class=\"iconita\"><\/span><\/a><\/div><\/div><\/div><div class=\"wpb_column vc_column_container vc_col-sm-2\"><div class=\"vc_column-inner\"><div class=\"wpb_wrapper\"><\/div><\/div><\/div><\/div><\/div><\/div><\/div><\/div><div data-vc-full-width=\"true\" data-vc-full-width-init=\"false\" class=\"vc_row wpb_row vc_row-fluid section2 vc_row-o-content-middle vc_row-flex\"><div class=\"column1 wpb_column vc_column_container vc_col-sm-12 vc_col-lg-6 vc_col-md-12 vc_col-xs-12\"><div class=\"vc_column-inner vc_custom_1764605188837\"><div class=\"wpb_wrapper\"><div class=\"vc_row wpb_row vc_inner vc_row-fluid\"><div class=\"wpb_column vc_column_container vc_col-sm-12 vc_col-lg-11 vc_col-md-12 vc_col-xs-12\"><div class=\"vc_column-inner\"><div class=\"wpb_wrapper\">\n\t<div  class=\"wpb_single_image wpb_content_element vc_align_center wpb_content_element vc_custom_1769536208887  image1\">\n\t\t\n\t\t<figure class=\"wpb_wrapper vc_figure\">\n\t\t\t<div class=\"vc_single_image-wrapper   vc_box_border_grey\"><img loading=\"lazy\" decoding=\"async\" width=\"1042\" height=\"838\" src=\"https:\/\/qualitiz.fr\/wp-content\/uploads\/2026\/01\/Groupe-55299@2x-1.png\" class=\"vc_single_image-img attachment-full\" alt=\"D\u00e9veloppement logiciel et IA\" title=\"D\u00e9veloppement logiciel et IA\" srcset=\"https:\/\/qualitiz.fr\/wp-content\/uploads\/2026\/01\/Groupe-55299@2x-1.png 1042w, https:\/\/qualitiz.fr\/wp-content\/uploads\/2026\/01\/Groupe-55299@2x-1-356x286.png 356w, https:\/\/qualitiz.fr\/wp-content\/uploads\/2026\/01\/Groupe-55299@2x-1-1024x824.png 1024w, https:\/\/qualitiz.fr\/wp-content\/uploads\/2026\/01\/Groupe-55299@2x-1-120x97.png 120w, https:\/\/qualitiz.fr\/wp-content\/uploads\/2026\/01\/Groupe-55299@2x-1-768x618.png 768w, https:\/\/qualitiz.fr\/wp-content\/uploads\/2026\/01\/Groupe-55299@2x-1-15x12.png 15w\" sizes=\"auto, (max-width: 1042px) 100vw, 1042px\" \/><\/div>\n\t\t<\/figure>\n\t<\/div>\n<\/div><\/div><\/div><div class=\"wpb_column vc_column_container vc_col-sm-12 vc_col-lg-1 vc_hidden-md vc_hidden-sm vc_hidden-xs\"><div class=\"vc_column-inner\"><div class=\"wpb_wrapper\"><\/div><\/div><\/div><\/div><\/div><\/div><\/div><div class=\"column2 wpb_column vc_column_container vc_col-sm-12 vc_col-lg-6 vc_col-md-12 vc_col-xs-12\"><div class=\"vc_column-inner\"><div class=\"wpb_wrapper\"><div class=\"vc_row wpb_row vc_inner vc_row-fluid inner-row1\"><div class=\"wpb_column vc_column_container vc_col-sm-12 vc_col-lg-offset-0 vc_col-lg-12 vc_col-md-offset-0 vc_col-md-12 vc_col-sm-offset-0 vc_col-xs-12\"><div class=\"vc_column-inner vc_custom_1769529804713\"><div class=\"wpb_wrapper\"><header class=\"kd-section-title col-lg-12 text-left\" ><h2 class=\"separator_off\" style=\"color: #252229;font-size: 36px;line-height: 53px;\">Our DNA: rigor, reliability, and technological expertise<\/h2><\/header><\/div><\/div><\/div><\/div><div class=\"vc_row wpb_row vc_inner vc_row-fluid inner-row1 vc_custom_1764605423861\"><div class=\"wpb_column vc_column_container vc_col-sm-12 vc_col-lg-offset-0 vc_col-lg-12 vc_col-md-offset-0 vc_col-md-12 vc_col-sm-offset-0 vc_col-xs-12\"><div class=\"vc_column-inner vc_custom_1764602956645\"><div class=\"wpb_wrapper\">\n\t<div class=\"wpb_text_column wpb_content_element\" >\n\t\t<div class=\"wpb_wrapper\">\n\t\t\t<p><strong>Qualitiz <\/strong>relies on a multidisciplinary team composed of developers, software engineering experts, and specialists in systems and artificial intelligence. Based in Paris, we work on web, mobile, SaaS, and AI projects, integrating security, performance, and maintainability concerns from the design phase.<\/p>\n<p>Thanks to an integrated development organization, including a controlled nearshore setup, we are able to offer competitive solutions while guaranteeing a high level of quality, confidentiality, and operational reliability.<\/p>\n<p><span style=\"color: #559cad;\">Our culture is based on structured processes, constant technical rigor, and a commitment to delivering robust solutions at every stage of the project.<\/span><\/p>\n\n\t\t<\/div>\n\t<\/div>\n<\/div><\/div><\/div><\/div><\/div><\/div><\/div><\/div><div class=\"vc_row-full-width vc_clearfix\"><\/div><div data-vc-full-width=\"true\" data-vc-full-width-init=\"false\" class=\"vc_row wpb_row vc_row-fluid section3 vc_custom_1764606121518 vc_row-has-fill\"><div class=\"wpb_column vc_column_container vc_col-sm-12\"><div class=\"vc_column-inner\"><div class=\"wpb_wrapper\"><div class=\"vc_row wpb_row vc_inner vc_row-fluid inner-row1\"><div class=\"wpb_column vc_column_container vc_col-sm-2\"><div class=\"vc_column-inner\"><div class=\"wpb_wrapper\"><\/div><\/div><\/div><div class=\"column1 wpb_column vc_column_container vc_col-sm-8\"><div class=\"vc_column-inner vc_custom_1764605463525\"><div class=\"wpb_wrapper\"><header class=\"kd-section-title col-lg-12 text-center\" ><h2 class=\"separator_off\" style=\"color: #252229;font-size: 41px;line-height: 53px;\">Our expertises in software development and AI<\/h2><\/header><h6 style=\"font-size: 18px;color: #252229;line-height: 29px;text-align: center\" class=\"vc_custom_heading vc_do_custom_heading vc_custom_1766762767852\" >We cover all modern application environments, from traditional software development to solutions enhanced by artificial intelligence.<\/h6><\/div><\/div><\/div><div class=\"wpb_column vc_column_container vc_col-sm-2\"><div class=\"vc_column-inner\"><div class=\"wpb_wrapper\"><\/div><\/div><\/div><\/div><div class=\"vc_row wpb_row vc_inner vc_row-fluid inner-row2 vc_column-gap-30\"><div class=\"column1 wpb_column vc_column_container vc_col-sm-4\"><div class=\"vc_column-inner vc_custom_1764605483028\"><div class=\"wpb_wrapper\"><div class=\"key-icon-box icon-default icon-top cont-left  box-bg-color  custom-box\" style=\"background-color: transparent; border: none;\" ><div class=\"ib-wrapper\"><div class=\"tt-iconbox-customimg img_medium_size\"><img loading=\"lazy\" decoding=\"async\" width=\"142\" height=\"118\" src=\"https:\/\/qualitiz.fr\/wp-content\/uploads\/2026\/01\/Groupe-55594@2x.png\" class=\"attachment-full\" alt=\"Web, mobile, and SaaS application development\" title=\"Web, mobile, and SaaS application development\" srcset=\"https:\/\/qualitiz.fr\/wp-content\/uploads\/2026\/01\/Groupe-55594@2x.png 142w, https:\/\/qualitiz.fr\/wp-content\/uploads\/2026\/01\/Groupe-55594@2x-120x100.png 120w, https:\/\/qualitiz.fr\/wp-content\/uploads\/2026\/01\/Groupe-55594@2x-14x12.png 14w\" sizes=\"auto, (max-width: 142px) 100vw, 142px\" \/><\/div><h4 class=\"service-heading\" style=\"color: rgba(37,34,41,0.86);\">Web, mobile, and SaaS application development<\/h4><p style=\"color: #252229;\">We design and develop custom web, mobile, and SaaS applications, designed for demanding business contexts.<br \/>\nOur teams work on modern front-end and back-end architectures, distributed systems, and scalable platforms, with a quality-oriented approach: maintainable code, documentation, testing, and long-term evolution capability.<\/p><\/div><\/div><\/div><\/div><\/div><div class=\"column2 wpb_column vc_column_container vc_col-sm-4\"><div class=\"vc_column-inner vc_custom_1764605487381\"><div class=\"wpb_wrapper\"><div class=\"key-icon-box icon-default icon-top cont-left  box-bg-color  custom-box\" style=\"background-color: transparent; border: none;\" ><div class=\"ib-wrapper\"><div class=\"tt-iconbox-customimg img_medium_size\"><img loading=\"lazy\" decoding=\"async\" width=\"141\" height=\"108\" src=\"https:\/\/qualitiz.fr\/wp-content\/uploads\/2026\/01\/Groupe-55301@2x-1.png\" class=\"attachment-full\" alt=\"Artificial intelligence and process automation\" title=\"Artificial intelligence and process automation\" srcset=\"https:\/\/qualitiz.fr\/wp-content\/uploads\/2026\/01\/Groupe-55301@2x-1.png 141w, https:\/\/qualitiz.fr\/wp-content\/uploads\/2026\/01\/Groupe-55301@2x-1-120x92.png 120w, https:\/\/qualitiz.fr\/wp-content\/uploads\/2026\/01\/Groupe-55301@2x-1-16x12.png 16w\" sizes=\"auto, (max-width: 141px) 100vw, 141px\" \/><\/div><h4 class=\"service-heading\" style=\"color: rgba(37,34,41,0.86);\">Artificial intelligence and process automation<\/h4><p style=\"color: #252229;\">We integrate artificial intelligence solutions in a pragmatic and controlled manner: automation, data analysis, decision support, and integration of AI models into existing applications.<br \/>\nThe proposed solutions comply with security, confidentiality, and data sovereignty requirements, with deployment options adapted to business constraints.<\/p><\/div><\/div><\/div><\/div><\/div><div class=\"column3 wpb_column vc_column_container vc_col-sm-4\"><div class=\"vc_column-inner vc_custom_1764605494484\"><div class=\"wpb_wrapper\"><div class=\"key-icon-box icon-default icon-top cont-left  box-bg-color  custom-box\" style=\"background-color: transparent; border: none;\" ><div class=\"ib-wrapper\"><div class=\"tt-iconbox-customimg img_medium_size\"><img loading=\"lazy\" decoding=\"async\" width=\"120\" height=\"91\" src=\"https:\/\/qualitiz.fr\/wp-content\/uploads\/2026\/01\/Groupe-55304@2x-120x91-2.png\" class=\"attachment-full\" alt=\"Cloud, security, and system monitoring\" title=\"Cloud, security, and system monitoring\" srcset=\"https:\/\/qualitiz.fr\/wp-content\/uploads\/2026\/01\/Groupe-55304@2x-120x91-2.png 120w, https:\/\/qualitiz.fr\/wp-content\/uploads\/2026\/01\/Groupe-55304@2x-120x91-2-16x12.png 16w\" sizes=\"auto, (max-width: 120px) 100vw, 120px\" \/><\/div><h4 class=\"service-heading\" style=\"color: rgba(37,34,41,0.86);\">Cloud, security, and system monitoring<\/h4><p style=\"color: #252229;\">We support our clients with hosting, infrastructure security, and application environment monitoring.<br \/>\nOur solutions include continuous monitoring mechanisms, operational dashboards, and incident anticipation systems to ensure availability, resilience, and system compliance.<\/p><\/div><\/div><\/div><\/div><\/div><\/div><\/div><\/div><\/div><\/div><div class=\"vc_row-full-width vc_clearfix\"><\/div><div data-vc-full-width=\"true\" data-vc-full-width-init=\"false\" class=\"vc_row wpb_row vc_row-fluid section4 vc_custom_1769537997199 vc_row-has-fill vc_row-o-equal-height vc_row-flex\"><div class=\"column1 wpb_column vc_column_container vc_col-sm-6 vc_col-has-fill\"><div class=\"vc_column-inner vc_custom_1764607417605\"><div class=\"wpb_wrapper\"><header class=\"kd-section-title col-lg-12 text-left\" ><h1 class=\"separator_off\" style=\"color: #ffffff;\">Our approach<\/h1><\/header>\n\t<div class=\"wpb_text_column wpb_content_element\" >\n\t\t<div class=\"wpb_wrapper\">\n\t\t\t<p data-start=\"3177\" data-end=\"3528\"><span style=\"color: #ffffff;\">We believe that technology has value only when it is mastered, reliable, and aligned with business objectives.<\/span><br data-start=\"3299\" data-end=\"3302\" \/><span style=\"color: #ffffff;\">Each project is subject to rigorous technical supervision, with human validations at each stage and particular attention paid to software quality, security, and the sustainability of delivered solutions.<\/span><\/p>\n<p data-start=\"3530\" data-end=\"3690\"><span style=\"color: #ffffff;\">Our organization allows us to combine operational efficiency, responsiveness, and cost control while maintaining a high level of technical standards.<\/span><\/p>\n\n\t\t<\/div>\n\t<\/div>\n<\/div><\/div><\/div><div class=\"column2 wpb_column vc_column_container vc_col-sm-6 vc_col-has-fill\"><div class=\"vc_column-inner vc_custom_1769538038471\"><div class=\"wpb_wrapper\"><header class=\"kd-section-title col-lg-12 text-left\" ><h1 class=\"separator_off\" style=\"color: #ffffff;\">Our commitments<\/h1><\/header><ul class=\"kd-icon-list\" ><li class=\"kd-icon-list-item\"><div class=\"kd-icon-wrapper icon-circle\" style=\"background-color: #2d363e;\"><i class=\"fas fa-code\" style=\"color: #559cad;\"><\/i><\/div><span class=\"kd-list-text\" style=\"color: #ffffff;\"><\/p>\n<h4><span style=\"color: #ffffff;\">Quality and reliability<\/span><\/h4>\n<p><span style=\"color: #ffffff;\">Testing, code reviews, documentation, and traceability are integral parts of our processes.<\/span><\/li><li class=\"kd-icon-list-item\"><div class=\"kd-icon-wrapper icon-circle\" style=\"background-color: #2d363e;\"><i class=\"fas fa-brain\" style=\"color: #559cad;\"><\/i><\/div><span class=\"kd-list-text\" style=\"color: #ffffff;\"><\/p>\n<h4><span style=\"color: #ffffff;\">Responsible use of artificial intelligence<\/span><\/h4>\n<p><span style=\"color: #ffffff;\">AI is used as a lever for efficiency and added value, never as a substitute for human control.<\/span><\/li><li class=\"kd-icon-list-item\"><div class=\"kd-icon-wrapper icon-circle\" style=\"background-color: #2d363e;\"><i class=\"far fa-chart-bar\" style=\"color: #559cad;\"><\/i><\/div><span class=\"kd-list-text\" style=\"color: #ffffff;\"><\/p>\n<h4><span style=\"color: #ffffff;\">Performance and sustainability<\/span><\/h4>\n<p><span style=\"color: #ffffff;\">Architectures designed to evolve, integrate, and support the future needs of businesses.<\/span><\/li><\/ul><\/div><\/div><\/div><\/div><div class=\"vc_row-full-width vc_clearfix\"><\/div><div data-vc-full-width=\"true\" data-vc-full-width-init=\"false\" class=\"vc_row wpb_row vc_row-fluid section5\"><div class=\"wpb_column vc_column_container vc_col-sm-12\"><div class=\"vc_column-inner\"><div class=\"wpb_wrapper\"><div class=\"vc_row wpb_row vc_inner vc_row-fluid inner-row1\"><div class=\"wpb_column vc_column_container vc_col-sm-2 vc_col-lg-2 vc_hidden-md vc_hidden-sm vc_hidden-xs\"><div class=\"vc_column-inner\"><div class=\"wpb_wrapper\"><\/div><\/div><\/div><div class=\"column1 wpb_column vc_column_container vc_col-sm-12 vc_col-lg-8 vc_col-md-12 vc_col-xs-12\"><div class=\"vc_column-inner vc_custom_1764605844253\"><div class=\"wpb_wrapper\"><header class=\"kd-section-title col-lg-12 text-center\" ><h2 class=\"separator_off\" style=\"font-size: 41px;\">Looking for a reliable technology partner for your web, mobile, SaaS, or artificial intelligence projects?<\/h2><\/header><a  href=\"https:\/\/qualitiz.com\/contact\/\"  target=\"_self\"  title=\"Contact\" class=\"tt_button  btn_secondary_color  button-center\" ><span class=\"prim_text\">Contact us<\/span><span class=\"iconita\"><\/span><\/a><div class=\"vc_empty_space\"   style=\"height: 60px\"><span class=\"vc_empty_space_inner\"><\/span><\/div><\/div><\/div><\/div><div class=\"wpb_column vc_column_container vc_col-sm-2 vc_col-lg-2 vc_hidden-md vc_hidden-sm vc_hidden-xs\"><div class=\"vc_column-inner\"><div class=\"wpb_wrapper\"><\/div><\/div><\/div><\/div><\/div><\/div><\/div><\/div><div class=\"vc_row-full-width vc_clearfix\"><\/div>\n<\/div>","protected":false},"excerpt":{"rendered":"Une \u00e9quipe d'ing\u00e9nieurs sp\u00e9cialis\u00e9s en d\u00e9veloppement logiciel au service de vos projetsNous accompagnons les entreprises dans le d\u00e9veloppement logiciel : conception, d\u00e9ploiement et maintenance de solutions performantes, [...]","protected":false},"author":1,"featured_media":2168,"parent":0,"menu_order":0,"comment_status":"closed","ping_status":"closed","template":"","meta":{"om_disable_all_campaigns":false,"_monsterinsights_skip_tracking":false,"_monsterinsights_sitenote_active":false,"_monsterinsights_sitenote_note":"","_monsterinsights_sitenote_category":0,"footnotes":""},"class_list":["post-317","page","type-page","status-publish","has-post-thumbnail","hentry"],"aioseo_notices":[],"_links":{"self":[{"href":"https:\/\/qualitiz.fr\/en\/wp-json\/wp\/v2\/pages\/317","targetHints":{"allow":["GET"]}}],"collection":[{"href":"https:\/\/qualitiz.fr\/en\/wp-json\/wp\/v2\/pages"}],"about":[{"href":"https:\/\/qualitiz.fr\/en\/wp-json\/wp\/v2\/types\/page"}],"author":[{"embeddable":true,"href":"https:\/\/qualitiz.fr\/en\/wp-json\/wp\/v2\/users\/1"}],"replies":[{"embeddable":true,"href":"https:\/\/qualitiz.fr\/en\/wp-json\/wp\/v2\/comments?post=317"}],"version-history":[{"count":27,"href":"https:\/\/qualitiz.fr\/en\/wp-json\/wp\/v2\/pages\/317\/revisions"}],"predecessor-version":[{"id":2320,"href":"https:\/\/qualitiz.fr\/en\/wp-json\/wp\/v2\/pages\/317\/revisions\/2320"}],"wp:featuredmedia":[{"embeddable":true,"href":"https:\/\/qualitiz.fr\/en\/wp-json\/wp\/v2\/media\/2168"}],"wp:attachment":[{"href":"https:\/\/qualitiz.fr\/en\/wp-json\/wp\/v2\/media?parent=317"}],"curies":[{"name":"wp","href":"https:\/\/api.w.org\/{rel}","templated":true}]}}