{"id":749,"date":"2022-05-30T16:34:07","date_gmt":"2022-05-30T16:34:07","guid":{"rendered":"http:\/\/192.168.100.199\/?page_id=749"},"modified":"2026-02-08T15:25:28","modified_gmt":"2026-02-08T14:25:28","slug":"design","status":"publish","type":"page","link":"https:\/\/qualitiz.fr\/en\/design\/","title":{"rendered":"Design"},"content":{"rendered":"<div class=\"wpb-content-wrapper\"><div data-vc-full-width=\"true\" data-vc-full-width-init=\"false\" class=\"vc_row wpb_row vc_row-fluid s2 vc_custom_1701822561896 vc_row-has-padding-top vc_row-o-equal-height vc_row-flex\"><div class=\"wpb_column vc_column_container vc_col-sm-12\"><div class=\"vc_column-inner\"><div class=\"wpb_wrapper\">\n\t<div class=\"wpb_text_column wpb_content_element Title3\" >\n\t\t<div class=\"wpb_wrapper\">\n\t\t\t<p>Do you need a visual identity for your brand?<\/p>\n\n\t\t<\/div>\n\t<\/div>\n\n\t<div class=\"wpb_text_column wpb_content_element s-T1\" >\n\t\t<div class=\"wpb_wrapper\">\n\t\t\t<p>We propose you quality design works at very competitive pricing, feel free to <span style=\"text-decoration: underline;\"><a style=\"color: #5976db; font-weight: 600; text-decoration: underline;\" href=\"https:\/\/qualitiz.fr\/en\/contact\/\">contact us to tell us about your need<\/a><\/span><\/p>\n\n\t\t<\/div>\n\t<\/div>\n<\/div><\/div><\/div><\/div><div class=\"vc_row-full-width vc_clearfix\"><\/div><div data-vc-full-width=\"true\" data-vc-full-width-init=\"false\" data-vc-stretch-content=\"true\" class=\"vc_row wpb_row vc_row-fluid vc_row-no-padding vc_row-o-content-middle vc_row-flex\"><div class=\"wpb_column vc_column_container vc_col-sm-12\"><div class=\"vc_column-inner\"><div class=\"wpb_wrapper\"><div class=\"vc_separator wpb_content_element vc_separator_align_center vc_sep_width_100 vc_sep_pos_align_center vc_separator_no_text vc_sep_color_grey wpb_content_element  wpb_content_element\" ><span class=\"vc_sep_holder vc_sep_holder_l\"><span class=\"vc_sep_line\"><\/span><\/span><span class=\"vc_sep_holder vc_sep_holder_r\"><span class=\"vc_sep_line\"><\/span><\/span>\n<\/div><\/div><\/div><\/div><\/div><div class=\"vc_row-full-width vc_clearfix\"><\/div><div class=\"vc_row wpb_row vc_row-fluid s3p vc_custom_1660311060158 vc_row-has-padding-bottom\"><div class=\"wpb_column vc_column_container vc_col-sm-6\"><div class=\"vc_column-inner\"><div class=\"wpb_wrapper\">\n\t<div class=\"wpb_text_column wpb_content_element little-title\" >\n\t\t<div class=\"wpb_wrapper\">\n\t\t\t<p>Logo Design<\/p>\n\n\t\t<\/div>\n\t<\/div>\n\n\t<div class=\"wpb_text_column wpb_content_element vc_custom_1658768457691 Title2\" >\n\t\t<div class=\"wpb_wrapper\">\n\t\t\t<p>Do you need a logo as unique as your brand<\/p>\n\n\t\t<\/div>\n\t<\/div>\n<a  href=\"https:\/\/qualitiz.fr\/en\/contact\/\"  target=\"_self\"  title=\"Contact us\" class=\"tt_button  btn_secondary_color  pull-left  btn-cta-design\" ><span class=\"prim_text\">Let's go!<\/span><span class=\"iconita\"><\/span><\/a><\/div><\/div><\/div><div class=\"wpb_column vc_column_container vc_col-sm-6\"><div class=\"vc_column-inner\"><div class=\"wpb_wrapper\">\n\t<div  class=\"wpb_single_image wpb_content_element vc_align_right wpb_content_element vc_custom_1653917904522  logo-img\">\n\t\t\n\t\t<figure class=\"wpb_wrapper vc_figure\">\n\t\t\t<div class=\"vc_single_image-wrapper   vc_box_border_grey\"><img loading=\"lazy\" decoding=\"async\" width=\"651\" height=\"480\" src=\"https:\/\/qualitiz.fr\/wp-content\/uploads\/2022\/05\/Groupe-3660.png\" class=\"vc_single_image-img attachment-full\" alt=\"\" title=\"\" srcset=\"https:\/\/qualitiz.fr\/wp-content\/uploads\/2022\/05\/Groupe-3660.png 651w, https:\/\/qualitiz.fr\/wp-content\/uploads\/2022\/05\/Groupe-3660-300x221.png 300w, https:\/\/qualitiz.fr\/wp-content\/uploads\/2022\/05\/Groupe-3660-16x12.png 16w\" sizes=\"auto, (max-width: 651px) 100vw, 651px\" \/><\/div>\n\t\t<\/figure>\n\t<\/div>\n<a  href=\"https:\/\/qualitiz.fr\/en\/contact\/\"  target=\"_self\"  title=\"Contact us\" class=\"tt_button  btn_secondary_color  button-center  btn-cta-design2\" ><span class=\"prim_text\">Let's go!<\/span><span class=\"iconita\"><\/span><\/a><\/div><\/div><\/div><\/div><div id=\"diagonal-box\" data-vc-full-width=\"true\" data-vc-full-width-init=\"false\" class=\"vc_row wpb_row vc_row-fluid s4 vc_custom_1660311194960 vc_row-has-padding-top vc_row-has-padding-bottom vc_row-o-equal-height vc_row-flex\"><div class=\"wpb_column vc_column_container vc_col-sm-12\"><div class=\"vc_column-inner\"><div class=\"wpb_wrapper\"><div class=\"vc_row wpb_row vc_inner vc_row-fluid row-web-design vc_row-o-equal-height vc_row-o-content-top vc_row-flex\"><div class=\"img-column wpb_column vc_column_container vc_col-sm-6\"><div class=\"vc_column-inner\"><div class=\"wpb_wrapper\">\n\t<div  class=\"wpb_single_image wpb_content_element vc_align_right wpb_content_element  web-design-logo\">\n\t\t\n\t\t<figure class=\"wpb_wrapper vc_figure\">\n\t\t\t<div class=\"vc_single_image-wrapper   vc_box_border_grey\"><img loading=\"lazy\" decoding=\"async\" width=\"599\" height=\"461\" src=\"https:\/\/qualitiz.fr\/wp-content\/uploads\/2022\/05\/Groupe-3659.png\" class=\"vc_single_image-img attachment-full\" alt=\"\" title=\"\" srcset=\"https:\/\/qualitiz.fr\/wp-content\/uploads\/2022\/05\/Groupe-3659.png 599w, https:\/\/qualitiz.fr\/wp-content\/uploads\/2022\/05\/Groupe-3659-300x231.png 300w, https:\/\/qualitiz.fr\/wp-content\/uploads\/2022\/05\/Groupe-3659-16x12.png 16w\" sizes=\"auto, (max-width: 599px) 100vw, 599px\" \/><\/div>\n\t\t<\/figure>\n\t<\/div>\n<a  href=\"https:\/\/qualitiz.fr\/en\/contact\/\"  target=\"_self\"  title=\"Contact us\" class=\"tt_button  btn_secondary_color  button-center  btn-cta-design2\" ><span class=\"prim_text\">Let's go!<\/span><span class=\"iconita\"><\/span><\/a><\/div><\/div><\/div><div class=\"wpb_column vc_column_container vc_col-sm-6\"><div class=\"vc_column-inner\"><div class=\"wpb_wrapper\">\n\t<div class=\"wpb_text_column wpb_content_element little-title\" >\n\t\t<div class=\"wpb_wrapper\">\n\t\t\t<p>Website design<\/p>\n\n\t\t<\/div>\n\t<\/div>\n\n\t<div class=\"wpb_text_column wpb_content_element Title-a\" >\n\t\t<div class=\"wpb_wrapper\">\n\t\t\t<p>Do you wish to improve the design of your existing website in order to improve your web presence ?<\/p>\n\n\t\t<\/div>\n\t<\/div>\n<a  href=\"https:\/\/qualitiz.fr\/en\/contact\/\"  target=\"_self\"  title=\"Contact us\" class=\"tt_button  btn_secondary_color  pull-left  btn-cta-design\" ><span class=\"prim_text\">Let's go!<\/span><span class=\"iconita\"><\/span><\/a><\/div><\/div><\/div><\/div><\/div><\/div><\/div><\/div><div class=\"vc_row-full-width vc_clearfix\"><\/div><div data-vc-full-width=\"true\" data-vc-full-width-init=\"false\" class=\"vc_row wpb_row vc_row-fluid s4p vc_custom_1696442187987 vc_row-has-padding-top vc_row-has-padding-bottom vc_row-o-equal-height vc_row-o-content-top vc_row-flex\"><div class=\"wpb_column vc_column_container vc_col-sm-6\"><div class=\"vc_column-inner\"><div class=\"wpb_wrapper\">\n\t<div class=\"wpb_text_column wpb_content_element little-title padd-title\" >\n\t\t<div class=\"wpb_wrapper\">\n\t\t\t<p>Mobile app Design<\/p>\n\n\t\t<\/div>\n\t<\/div>\n\n\t<div class=\"wpb_text_column wpb_content_element vc_custom_1770515944314 Title-a\" >\n\t\t<div class=\"wpb_wrapper\">\n\t\t\t<p>Are you in need of a modern mobile application and a 'turn-key' management of its distribution on the stores of <a title=\"AppStore\" href=\"https:\/\/www.apple.com\/fr\/app-store\/\" target=\"_blank\" rel=\"nofollow noopener\">Apple<\/a> and <a title=\"Google Play Store\" href=\"https:\/\/play.google.com\/store\/apps?hl=fr\" target=\"_blank\" rel=\"nofollow noopener\">Google<\/a> ?<\/p>\n\n\t\t<\/div>\n\t<\/div>\n<a  href=\"https:\/\/qualitiz.fr\/en\/contact\/\"  target=\"_self\"  title=\"Contact us\" class=\"tt_button  btn_secondary_color  pull-left  btn-cta-design\" ><span class=\"prim_text\">Let's go!<\/span><span class=\"iconita\"><\/span><\/a><\/div><\/div><\/div><div class=\"img-column wpb_column vc_column_container vc_col-sm-6\"><div class=\"vc_column-inner vc_custom_1659700184050\"><div class=\"wpb_wrapper\">\n\t<div  class=\"wpb_single_image wpb_content_element vc_align_right wpb_content_element  app-design-logo\">\n\t\t\n\t\t<figure class=\"wpb_wrapper vc_figure\">\n\t\t\t<div class=\"vc_single_image-wrapper   vc_box_border_grey\"><img loading=\"lazy\" decoding=\"async\" width=\"613\" height=\"559\" src=\"https:\/\/qualitiz.fr\/wp-content\/uploads\/2022\/05\/Groupe-3572.png\" class=\"vc_single_image-img attachment-full\" alt=\"\" title=\"\" srcset=\"https:\/\/qualitiz.fr\/wp-content\/uploads\/2022\/05\/Groupe-3572.png 613w, https:\/\/qualitiz.fr\/wp-content\/uploads\/2022\/05\/Groupe-3572-300x274.png 300w, https:\/\/qualitiz.fr\/wp-content\/uploads\/2022\/05\/Groupe-3572-13x12.png 13w\" sizes=\"auto, (max-width: 613px) 100vw, 613px\" \/><\/div>\n\t\t<\/figure>\n\t<\/div>\n<a  href=\"https:\/\/qualitiz.fr\/en\/contact\/\"  target=\"_self\"  title=\"Contact us\" class=\"tt_button  btn_secondary_color  button-center  btn-cta-design2\" ><span class=\"prim_text\">Let's go!<\/span><span class=\"iconita\"><\/span><\/a><\/div><\/div><\/div><\/div><div class=\"vc_row-full-width vc_clearfix\"><\/div><div id=\"site-web\" data-vc-full-width=\"true\" data-vc-full-width-init=\"false\" class=\"vc_row wpb_row vc_row-fluid s6 vc_custom_1660311515580 vc_row-has-padding-bottom vc_row-o-equal-height vc_row-o-content-top vc_row-flex\"><div class=\"img-column wpb_column vc_column_container vc_col-sm-6\"><div class=\"vc_column-inner\"><div class=\"wpb_wrapper\">\n\t<div  class=\"wpb_single_image wpb_content_element vc_align_left wpb_content_element  image1\">\n\t\t\n\t\t<figure class=\"wpb_wrapper vc_figure\">\n\t\t\t<div class=\"vc_single_image-wrapper   vc_box_border_grey\"><img loading=\"lazy\" decoding=\"async\" width=\"408\" height=\"481\" src=\"https:\/\/qualitiz.fr\/wp-content\/uploads\/2022\/05\/Groupe-3547.png\" class=\"vc_single_image-img attachment-full\" alt=\"\" title=\"\" srcset=\"https:\/\/qualitiz.fr\/wp-content\/uploads\/2022\/05\/Groupe-3547.png 408w, https:\/\/qualitiz.fr\/wp-content\/uploads\/2022\/05\/Groupe-3547-254x300.png 254w, https:\/\/qualitiz.fr\/wp-content\/uploads\/2022\/05\/Groupe-3547-10x12.png 10w\" sizes=\"auto, (max-width: 408px) 100vw, 408px\" \/><\/div>\n\t\t<\/figure>\n\t<\/div>\n<a  href=\"https:\/\/qualitiz.fr\/en\/contact\/\"  target=\"_self\"  title=\"Contact us\" class=\"tt_button  btn_secondary_color  button-center  btn-cta-design2\" ><span class=\"prim_text\">Let's go!<\/span><span class=\"iconita\"><\/span><\/a><\/div><\/div><\/div><div class=\"wpb_column vc_column_container vc_col-sm-6\"><div class=\"vc_column-inner vc_custom_1653919267535\"><div class=\"wpb_wrapper\">\n\t<div class=\"wpb_text_column wpb_content_element little-title padd-title\" >\n\t\t<div class=\"wpb_wrapper\">\n\t\t\t<p>Print Design<\/p>\n\n\t\t<\/div>\n\t<\/div>\n\n\t<div class=\"wpb_text_column wpb_content_element vc_custom_1770516003842 Title-a\" >\n\t\t<div class=\"wpb_wrapper\">\n\t\t\t<p>A tailored conception of printed designs at the image of your brand<\/p>\n\n\t\t<\/div>\n\t<\/div>\n<a  href=\"https:\/\/qualitiz.fr\/en\/contact\/\"  target=\"_self\"  title=\"Contact us\" class=\"tt_button  btn_secondary_color  pull-left  btn-cta-design\" ><span class=\"prim_text\">Let's go!<\/span><span class=\"iconita\"><\/span><\/a><\/div><\/div><\/div><\/div><div class=\"vc_row-full-width vc_clearfix\"><\/div><div data-vc-full-width=\"true\" data-vc-full-width-init=\"false\" class=\"vc_row wpb_row vc_row-fluid s3pp vc_custom_1660311577311 vc_row-has-padding-top vc_row-has-padding-bottom vc_row-o-equal-height vc_row-o-content-top vc_row-flex\"><div class=\"wpb_column vc_column_container vc_col-sm-6\"><div class=\"vc_column-inner\"><div class=\"wpb_wrapper\">\n\t<div class=\"wpb_text_column wpb_content_element vc_custom_1659088796910 little-title padd-title\" >\n\t\t<div class=\"wpb_wrapper\">\n\t\t\t<p>Enterprise video<\/p>\n\n\t\t<\/div>\n\t<\/div>\n\n\t<div class=\"wpb_text_column wpb_content_element vc_custom_1660295437010 Title-a\" >\n\t\t<div class=\"wpb_wrapper\">\n\t\t\t<p>Do you need to create a video presentation of your activity ?<\/p>\n\n\t\t<\/div>\n\t<\/div>\n<a  href=\"https:\/\/qualitiz.fr\/en\/contact\/\"  target=\"_self\"  title=\"Contact us\" class=\"tt_button  btn_secondary_color  pull-left  btn-cta-design\" ><span class=\"prim_text\">Let's go!<\/span><span class=\"iconita\"><\/span><\/a><\/div><\/div><\/div><div class=\"img-column wpb_column vc_column_container vc_col-sm-6\"><div class=\"vc_column-inner\"><div class=\"wpb_wrapper\">\n\t<div  class=\"wpb_single_image wpb_content_element vc_align_right wpb_content_element  elearn-img\">\n\t\t\n\t\t<figure class=\"wpb_wrapper vc_figure\">\n\t\t\t<div class=\"vc_single_image-wrapper   vc_box_border_grey\"><img loading=\"lazy\" decoding=\"async\" width=\"661\" height=\"453\" src=\"https:\/\/qualitiz.fr\/wp-content\/uploads\/2022\/05\/Groupe-3553.png\" class=\"vc_single_image-img attachment-full\" alt=\"\" title=\"\" srcset=\"https:\/\/qualitiz.fr\/wp-content\/uploads\/2022\/05\/Groupe-3553.png 661w, https:\/\/qualitiz.fr\/wp-content\/uploads\/2022\/05\/Groupe-3553-300x206.png 300w, https:\/\/qualitiz.fr\/wp-content\/uploads\/2022\/05\/Groupe-3553-16x12.png 16w\" sizes=\"auto, (max-width: 661px) 100vw, 661px\" \/><\/div>\n\t\t<\/figure>\n\t<\/div>\n<a  href=\"https:\/\/qualitiz.fr\/en\/contact\/\"  target=\"_self\"  title=\"Contact us\" class=\"tt_button  btn_secondary_color  button-center  btn-cta-design2\" ><span class=\"prim_text\">Let's go!<\/span><span class=\"iconita\"><\/span><\/a><\/div><\/div><\/div><\/div><div class=\"vc_row-full-width vc_clearfix\"><\/div>\n<\/div>","protected":false},"excerpt":{"rendered":"Besoin d'une identit\u00e9 visuelle pour le design de votre marque ? Nous proposons des travaux de design de qualit\u00e9 \u00e0 des tarifs extr\u00eamement comp\u00e9titifs, n'h\u00e9sitez pas \u00e0 [...]","protected":false},"author":1,"featured_media":1172,"parent":0,"menu_order":0,"comment_status":"closed","ping_status":"closed","template":"","meta":{"om_disable_all_campaigns":false,"_monsterinsights_skip_tracking":false,"_monsterinsights_sitenote_active":false,"_monsterinsights_sitenote_note":"","_monsterinsights_sitenote_category":0,"footnotes":""},"class_list":["post-749","page","type-page","status-publish","has-post-thumbnail","hentry"],"aioseo_notices":[],"_links":{"self":[{"href":"https:\/\/qualitiz.fr\/en\/wp-json\/wp\/v2\/pages\/749","targetHints":{"allow":["GET"]}}],"collection":[{"href":"https:\/\/qualitiz.fr\/en\/wp-json\/wp\/v2\/pages"}],"about":[{"href":"https:\/\/qualitiz.fr\/en\/wp-json\/wp\/v2\/types\/page"}],"author":[{"embeddable":true,"href":"https:\/\/qualitiz.fr\/en\/wp-json\/wp\/v2\/users\/1"}],"replies":[{"embeddable":true,"href":"https:\/\/qualitiz.fr\/en\/wp-json\/wp\/v2\/comments?post=749"}],"version-history":[{"count":17,"href":"https:\/\/qualitiz.fr\/en\/wp-json\/wp\/v2\/pages\/749\/revisions"}],"predecessor-version":[{"id":2511,"href":"https:\/\/qualitiz.fr\/en\/wp-json\/wp\/v2\/pages\/749\/revisions\/2511"}],"wp:featuredmedia":[{"embeddable":true,"href":"https:\/\/qualitiz.fr\/en\/wp-json\/wp\/v2\/media\/1172"}],"wp:attachment":[{"href":"https:\/\/qualitiz.fr\/en\/wp-json\/wp\/v2\/media?parent=749"}],"curies":[{"name":"wp","href":"https:\/\/api.w.org\/{rel}","templated":true}]}}